{"id":4243,"date":"2024-09-20T15:45:01","date_gmt":"2024-09-20T15:45:01","guid":{"rendered":"https:\/\/cms.rekini123.lv\/?page_id=4243"},"modified":"2024-09-21T04:09:01","modified_gmt":"2024-09-21T04:09:01","slug":"algas-kalkulators","status":"publish","type":"page","link":"https:\/\/rekini123.lv\/app\/algas-kalkulators\/","title":{"rendered":"Algas Kalkulators 2024"},"content":{"rendered":"\n<div aria-hidden=\"true\" class=\"wp-block-fsb-flexible-spacer fsb-flexible-spacer\"><div class=\"fsb-flexible-spacer__device fsb-flexible-spacer__device--lg\" style=\"height:100px\"><\/div><div class=\"fsb-flexible-spacer__device fsb-flexible-spacer__device--md\" style=\"height:100px\"><\/div><div class=\"fsb-flexible-spacer__device fsb-flexible-spacer__device--sm\" style=\"height:100px\"><\/div><\/div>\n\n\n\r\n<div class=\"container-block\">\r\n    <div class=\"container\">\r\n        \n\n<h1 class=\"wp-block-heading\"><strong>Algas kalkulators&nbsp;<\/strong><\/h1>\n\n\n\n<p><strong>Please add here actual calculator<\/strong><\/p>\n\n\n\n<p>Algas kalkulators ir neaizst\u0101jams r\u012bks gan darba dev\u0113jiem, gan darba \u0146\u0113m\u0113jiem. T\u0101 galvenais uzdevums ir \u0101tri un prec\u012bzi apr\u0113\u0137in\u0101t darba algu, \u0146emot v\u0113r\u0101 da\u017e\u0101dus nodok\u013cu un soci\u0101l\u0101s apdro\u0161in\u0101\u0161anas iemaksu faktorus, piem\u0113ram, iedz\u012bvot\u0101ju ien\u0101kuma nodokli, neapliekamo minimumu, un valsts soci\u0101l\u0101s apdro\u0161in\u0101\u0161anas iemaksas. Tas pal\u012bdz saprast, cik liela alga tiks izmaks\u0101ta uz rokas p\u0113c nodok\u013cu nomaksas, kas ir \u012bpa\u0161i svar\u012bgi gan darba dev\u0113jiem, gan darba \u0146\u0113m\u0113jiem.<\/p>\n\n\n\n<h2 class=\"wp-block-heading\"><strong>Kas ir algas kalkulators?<\/strong><\/h2>\n\n\n\n<p>Algas kalkulators ir tie\u0161saistes r\u012bks, kas automatiz\u0113 darba algu apr\u0113\u0137inu procesu, \u0146emot v\u0113r\u0101 da\u017e\u0101dus nodok\u013cu un likumdo\u0161anas parametrus. Piem\u0113ram, tas iek\u013cauj inform\u0101ciju par iedz\u012bvot\u0101ju ien\u0101kuma nodokli, neapliekamo minimumu, valsts soci\u0101l\u0101s apdro\u0161in\u0101\u0161anas iemaks\u0101m, k\u0101 ar\u012b uz\u0146\u0113m\u0113jdarb\u012bbas riska valsts nodevu. \u0160ie faktori ietekm\u0113 gala summu, ko darba \u0146\u0113m\u0113js sa\u0146em uz rokas.<\/p>\n\n\n\n<h2 class=\"wp-block-heading\"><strong>K\u0101 tas darbojas?<\/strong><\/h2>\n\n\n\n<p>Algas kalkulatora darb\u012bbas princips ir balst\u012bts uz noteiktu algoritmu, kas iev\u0113ro Latvijas nodok\u013cu un soci\u0101l\u0101s apdro\u0161in\u0101\u0161anas likumus. Lietot\u0101js ievada da\u017e\u0101dus parametrus, piem\u0113ram, bruto algu, apg\u0101d\u0101jamo skaitu, nodok\u013cu gr\u0101mati\u0146as inform\u0101ciju un citus faktorus, kas var ietekm\u0113t algas apm\u0113ru. Algoritms autom\u0101tiski apr\u0113\u0137ina nodok\u013cu slogu, k\u0101 ar\u012b piem\u0113ro neapliekamo minimumu un citas atvieglojumu summas. Rezult\u0101t\u0101 lietot\u0101js uzzina, cik daudz sa\u0146ems &#8222;uz rokas&#8221;.<\/p>\n\n\n\n<h3 class=\"wp-block-heading\"><strong>Detaliz\u0113ts algoritma apraksts un apr\u0113\u0137inu so\u013ci:<\/strong><\/h3>\n\n\n\n<ol class=\"wp-block-list\">\n<li><strong>Darba algas ievade. <\/strong>Pirmais solis algas kalkulatora darb\u012bb\u0101 ir bruto darba algas ievad\u012b\u0161ana. Bruto alga ir kop\u0113j\u0101 summa, ko darbinieks nopelna, pirms no t\u0101s tiek atskait\u012bti nodok\u013ci un citas oblig\u0101t\u0101s iemaksas. Tas noz\u012bm\u0113, ka \u0161aj\u0101 posm\u0101 lietot\u0101jam ir j\u0101piev\u0113r\u0161 uzman\u012bba, vai bruto alga tiek pareizi ievad\u012bta, jo no t\u0101s tiek apr\u0113\u0137in\u0101ti visi nodok\u013ci un atskait\u012bjumi. Darba dev\u0113jiem tas var b\u016bt svar\u012bgi, ja vi\u0146i v\u0113las apr\u0113\u0137in\u0101t algas vair\u0101kiem darbiniekiem, katram no tiem var b\u016bt da\u017e\u0101di bruto algas l\u012bme\u0146i atkar\u012bb\u0101 no amata vai darba nosac\u012bjumiem. Lietot\u0101jam j\u0101b\u016bt uzman\u012bgam ar\u012b gad\u012bjumos, kad tiek ievad\u012bta main\u012bga alga, piem\u0113ram, ja alga sast\u0101v no pamatalgas un main\u012bg\u0101s da\u013cas (bonusiem vai pr\u0113mij\u0101m). \u0160is solis ir b\u016btisks prec\u012bza apr\u0113\u0137ina veik\u0161anai.<\/li>\n\n\n\n<li><strong>Apg\u0101d\u0101jamo skaits un neapliekamais minimums<\/strong>. Otraj\u0101 sol\u012b lietot\u0101js ievada inform\u0101ciju par apg\u0101d\u0101jamo personu skaitu. Apg\u0101d\u0101jam\u0101s personas, piem\u0113ram, b\u0113rni vai citi \u0123imenes locek\u013ci, kam ir ties\u012bbas uz apg\u0101d\u0101jamiem piem\u0113rotiem nodok\u013cu atvieglojumiem, var iev\u0113rojami ietekm\u0113t gal\u012bgo algas apr\u0113\u0137inu. Jo liel\u0101ks ir apg\u0101d\u0101jamo skaits, jo maz\u0101ks ir nodok\u013cu slogs uz bruto algu. \u0160aj\u0101 posm\u0101 kalkulators ar\u012b \u0146em v\u0113r\u0101 vai lietot\u0101jam tiek piem\u0113rots neapliekamais minimums \u2013 summa, no kuras netiek ietur\u0113ts iedz\u012bvot\u0101ju ien\u0101kuma nodoklis. Neapliekamais minimums tiek piem\u0113rots atbilsto\u0161i likumdo\u0161an\u0101 noteiktiem krit\u0113rijiem un var main\u012bties atkar\u012bb\u0101 no konkr\u0113t\u0101 gada regul\u0113jumiem. 2024. gad\u0101 tas joproj\u0101m sp\u0113l\u0113 svar\u012bgu lomu algas apr\u0113\u0137inos. Kalkulators autom\u0101tiski piem\u0113ro atbilsto\u0161o neapliekamo minimumu un sniedz apr\u0113\u0137in\u0101to samazin\u0101jumu, kas atvieglo darbinieka nodok\u013cu slogu.<\/li>\n\n\n\n<li><strong>Nodok\u013ci un iemaksas<\/strong>. Tre\u0161aj\u0101 sol\u012b kalkulators autom\u0101tiski apr\u0113\u0137ina da\u017e\u0101dus nodok\u013cus un soci\u0101l\u0101s apdro\u0161in\u0101\u0161anas iemaksas. Tas ietver iedz\u012bvot\u0101ju ien\u0101kuma nodokli (IIN), kas ir galvenais tie\u0161ais nodoklis, kas tiek ietur\u0113ts no darbinieka bruto algas. IIN tiek apr\u0113\u0137in\u0101ts, \u0146emot v\u0113r\u0101 neapliekamo minimumu un apg\u0101d\u0101jamo skaitu. Papildus IIN kalkulators apr\u0113\u0137ina valsts soci\u0101l\u0101s apdro\u0161in\u0101\u0161anas oblig\u0101t\u0101s iemaksas, kas tiek sadal\u012btas starp darbinieku un darba dev\u0113ju. Soci\u0101l\u0101s apdro\u0161in\u0101\u0161anas iemaksas tiek ietur\u0113tas no darbinieka bruto algas, un to procentu\u0101lais apm\u0113rs var main\u012bties atkar\u012bb\u0101 no darba dev\u0113ja un darba \u0146\u0113m\u0113ja kop\u012bgaj\u0101m saist\u012bb\u0101m. T\u0101pat tiek \u0146emti v\u0113r\u0101 visi citi nodok\u013ci vai likum\u0101 noteikt\u0101s iemaksas, kas var\u0113tu ietekm\u0113t gal\u012bgo summu, piem\u0113ram, apdro\u0161in\u0101\u0161anas polises vai pensijas pl\u0101ni, ja tie ir iek\u013cauti uz\u0146\u0113muma nosac\u012bjumos.<\/li>\n\n\n\n<li><strong>Uz\u0146\u0113m\u0113jdarb\u012bbas riska valsts nodeva<\/strong>.&nbsp; Ceturtaj\u0101 sol\u012b kalkulators \u0146em v\u0113r\u0101 ar\u012b uz\u0146\u0113m\u0113jdarb\u012bbas riska valsts nodevu, kas ir oblig\u0101ta maks\u0101juma da\u013ca, lai nodro\u0161in\u0101tu valsts garantijas uz\u0146\u0113m\u0113jdarb\u012bbas riskiem. \u0160\u012b nodeva tiek noteikta likumdo\u0161an\u0101, un t\u0101s apm\u0113rs var main\u012bties atkar\u012bb\u0101 no valsts noteiktaj\u0101m pras\u012bb\u0101m. Lai gan nodeva var \u0161\u0137ist neliela, t\u0101 joproj\u0101m ietekm\u0113 algas apr\u0113\u0137inu un ir j\u0101\u0146em v\u0113r\u0101 k\u0101 da\u013ca no kop\u0113j\u0101 izmaksu apr\u0113\u0137ina darba dev\u0113jiem. Kalkulators \u0161aj\u0101 sol\u012b pievieno nodevu kop\u0113jai atskait\u012bjumu summai, nodro\u0161inot, ka darbinieks sa\u0146em prec\u012bzu apr\u0113\u0137inu.<\/li>\n\n\n\n<li><strong>Alga uz rokas<\/strong>. P\u0113d\u0113jais solis ir gal\u012bg\u0101 rezult\u0101ta par\u0101d\u012b\u0161ana, kas par\u0101da, cik liela summa tiks izmaks\u0101ta darbiniekam &#8222;uz rokas&#8221;. \u0160aj\u0101 posm\u0101 kalkulators apkopo visu inform\u0101ciju, kas ievad\u012bta un apr\u0113\u0137in\u0101ta iepriek\u0161\u0113jos so\u013cos \u2013 bruto alga, apg\u0101d\u0101jamo skaits, neapliekamais minimums, nodok\u013ci, soci\u0101l\u0101s apdro\u0161in\u0101\u0161anas iemaksas un uz\u0146\u0113m\u0113jdarb\u012bbas riska valsts nodeva. Gala rezult\u0101ts par\u0101da neto summu jeb to summu, kas darbiniekam b\u016bs pieejama p\u0113c visu nodok\u013cu nomaksas. \u0160is solis ir \u012bpa\u0161i svar\u012bgs darba \u0146\u0113m\u0113jiem, jo tas sniedz skaidru priek\u0161statu par faktiskajiem ien\u0101kumiem, k\u0101 ar\u012b darba dev\u0113jiem, lai prec\u012bzi apr\u0113\u0137in\u0101tu darba algu izmaksas.<\/li>\n<\/ol>\n\n\n\n<h2 class=\"wp-block-heading\"><strong>Priek\u0161roc\u012bbas:<\/strong><\/h2>\n\n\n\n<p>Algas kalkulatoram ir vair\u0101kas b\u016btiskas priek\u0161roc\u012bbas, kas to padara par svar\u012bgu instrumentu gan darba dev\u0113jiem, gan darba \u0146\u0113m\u0113jiem:<\/p>\n\n\n\n<ul class=\"wp-block-list\">\n<li><strong>Precizit\u0101te<\/strong> \u2013 algas apr\u0113\u0137ini ir prec\u012bzi, jo kalkulators \u0146em v\u0113r\u0101 visus aktu\u0101los likumus un nodok\u013cu normat\u012bvus, kas sp\u0113k\u0101 2024. gad\u0101. Tas pal\u012bdz izvair\u012bties no k\u013c\u016bd\u0101m, kas var\u0113tu rasties manu\u0101l\u0101s apr\u0113\u0137inu metod\u0113s.<\/li>\n\n\n\n<li><strong>Laika ekonomija<\/strong> \u2013 apr\u0113\u0137in\u0101t darba algas var aiz\u0146emt daudz laika, it \u012bpa\u0161i, ja tiek str\u0101d\u0101ts ar lielu darbinieku skaitu. Algoritms, kas tiek izmantots kalkulator\u0101, pal\u012bdz samazin\u0101t apr\u0113\u0137in\u0101\u0161anai velt\u012bto laiku l\u012bdz minimumam.<\/li>\n\n\n\n<li><strong>Piel\u0101gojam\u012bba<\/strong> \u2013 algas kalkulators sp\u0113j piel\u0101goties da\u017e\u0101diem parametriem, piem\u0113ram, darba dev\u0113ja specifikai, iedz\u012bvot\u0101ju ien\u0101kuma nodok\u013ca atvieglojumiem, neapliekamajam minimumam, k\u0101 ar\u012b personu skaitam, kas tiek \u0146emts apg\u0101d\u012bb\u0101.<\/li>\n<\/ul>\n\n\n\n<h2 class=\"wp-block-heading\"><strong>Izmanto\u0161anas piem\u0113ri:<\/strong><\/h2>\n\n\n\n<p>Algas kalkulatoru var izmantot da\u017e\u0101dos gad\u012bjumos, gan no darba dev\u0113ja, gan darba \u0146\u0113m\u0113ja skatupunkta.<\/p>\n\n\n\n<ul class=\"wp-block-list\">\n<li><strong>Darba dev\u0113jiem<\/strong> \u2013 uz\u0146\u0113mumi var izmantot algas kalkulatoru, lai apr\u0113\u0137in\u0101tu prec\u012bzas izmaksas par darbinieku alg\u0101m. Tas pal\u012bdz pl\u0101not bud\u017eetu un izvair\u012bties no p\u0101rmaksa vai nepietiekamiem nodok\u013cu nomaksas apr\u0113\u0137iniem.<\/li>\n\n\n\n<li><strong>Darba \u0146\u0113m\u0113jiem<\/strong> \u2013 cilv\u0113ki var izmantot kalkulatoru, lai saprastu, cik daudz no vi\u0146u bruto algas paliek &#8222;uz rokas&#8221; p\u0113c nodok\u013cu un citu iemaksu nomaksas. Tas ir \u012bpa\u0161i svar\u012bgi, lai pl\u0101notu person\u012bgos izdevumus un pie\u0146emtu l\u0113mumus par apg\u0101d\u0101jamo skaitu vai nodok\u013cu atvieglojumiem.<\/li>\n<\/ul>\n\n\n\n<p>Algas kalkulators ir praktisks, \u0113rts un uzticams r\u012bks, kas pal\u012bdz gan darba dev\u0113jiem, gan darba \u0146\u0113m\u0113jiem veikt prec\u012bzus algas apr\u0113\u0137inus. T\u0101 izmanto\u0161ana ne tikai nov\u0113r\u0161 k\u013c\u016bdas, bet ar\u012b ietaupa laiku, pied\u0101v\u0101jot piel\u0101gojamus apr\u0113\u0137inus atbilsto\u0161i individu\u0101l\u0101m situ\u0101cij\u0101m un likumdo\u0161anas pras\u012bb\u0101m, kas ir \u012bpa\u0161i aktu\u0101las 2024. gad\u0101.<\/p>\n\n\r\n    <\/div>\r\n<\/div>\r\n\n\n\n<div aria-hidden=\"true\" class=\"wp-block-fsb-flexible-spacer fsb-flexible-spacer\"><div class=\"fsb-flexible-spacer__device fsb-flexible-spacer__device--lg\" style=\"height:100px\"><\/div><div class=\"fsb-flexible-spacer__device fsb-flexible-spacer__device--md\" style=\"height:100px\"><\/div><div class=\"fsb-flexible-spacer__device fsb-flexible-spacer__device--sm\" style=\"height:100px\"><\/div><\/div>\n","protected":false},"excerpt":{"rendered":"","protected":false},"author":1,"featured_media":0,"parent":0,"menu_order":0,"comment_status":"closed","ping_status":"closed","template":"","meta":{"_acf_changed":false,"inline_featured_image":false,"footnotes":""},"class_list":["post-4243","page","type-page","status-publish","hentry"],"acf":[],"yoast_head":"<!-- This site is optimized with the Yoast SEO plugin v26.5 - https:\/\/yoast.com\/wordpress\/plugins\/seo\/ -->\n<title>Algas Kalkulators 2024 | R\u0113\u0137ini 123<\/title>\n<meta name=\"description\" content=\"Algas kalkulators \u013cauj \u0101tri un prec\u012bzi apr\u0113\u0137in\u0101t darba algu, \u0146emot v\u0113r\u0101 da\u017e\u0101dus nodok\u013cu un soci\u0101l\u0101s apdro\u0161in\u0101\u0161anas iemaksu faktorus!\" \/>\n<meta name=\"robots\" content=\"noindex, follow, max-snippet:-1, max-image-preview:large, max-video-preview:-1\" \/>\n<meta property=\"og:locale\" content=\"lt_LT\" \/>\n<meta property=\"og:type\" content=\"article\" \/>\n<meta property=\"og:title\" content=\"Algas Kalkulators 2024 | R\u0113\u0137ini 123\" \/>\n<meta property=\"og:description\" content=\"Algas kalkulators \u013cauj \u0101tri un prec\u012bzi apr\u0113\u0137in\u0101t darba algu, \u0146emot v\u0113r\u0101 da\u017e\u0101dus nodok\u013cu un soci\u0101l\u0101s apdro\u0161in\u0101\u0161anas iemaksu faktorus!\" \/>\n<meta property=\"og:url\" content=\"https:\/\/rekini123.lv\/app\/algas-kalkulators\/\" \/>\n<meta property=\"og:site_name\" content=\"R\u0113\u0137ini 123\" \/>\n<meta property=\"article:modified_time\" content=\"2024-09-21T04:09:01+00:00\" \/>\n<meta name=\"twitter:card\" content=\"summary_large_image\" \/>\n<meta name=\"twitter:label1\" content=\"Est. reading time\" \/>\n\t<meta name=\"twitter:data1\" content=\"6 minut\u0117s\" \/>\n<script type=\"application\/ld+json\" class=\"yoast-schema-graph\">{\"@context\":\"https:\/\/schema.org\",\"@graph\":[{\"@type\":\"WebPage\",\"@id\":\"https:\/\/rekini123.lv\/app\/algas-kalkulators\/\",\"url\":\"https:\/\/rekini123.lv\/app\/algas-kalkulators\/\",\"name\":\"Algas Kalkulators 2024 | R\u0113\u0137ini 123\",\"isPartOf\":{\"@id\":\"https:\/\/rekini123.lv\/app\/#website\"},\"datePublished\":\"2024-09-20T15:45:01+00:00\",\"dateModified\":\"2024-09-21T04:09:01+00:00\",\"description\":\"Algas kalkulators \u013cauj \u0101tri un prec\u012bzi apr\u0113\u0137in\u0101t darba algu, \u0146emot v\u0113r\u0101 da\u017e\u0101dus nodok\u013cu un soci\u0101l\u0101s apdro\u0161in\u0101\u0161anas iemaksu faktorus!\",\"breadcrumb\":{\"@id\":\"https:\/\/rekini123.lv\/app\/algas-kalkulators\/#breadcrumb\"},\"inLanguage\":\"lt-LT\",\"potentialAction\":[{\"@type\":\"ReadAction\",\"target\":[\"https:\/\/rekini123.lv\/app\/algas-kalkulators\/\"]}]},{\"@type\":\"BreadcrumbList\",\"@id\":\"https:\/\/rekini123.lv\/app\/algas-kalkulators\/#breadcrumb\",\"itemListElement\":[{\"@type\":\"ListItem\",\"position\":1,\"name\":\"Home\",\"item\":\"https:\/\/lightgoldenrodyellow-yak-485109.hostingersite.com\/manager\/\"},{\"@type\":\"ListItem\",\"position\":2,\"name\":\"Algas Kalkulators 2024\"}]},{\"@type\":\"WebSite\",\"@id\":\"https:\/\/rekini123.lv\/app\/#website\",\"url\":\"https:\/\/rekini123.lv\/app\/\",\"name\":\"R\u0113\u0137ini 123\",\"description\":\"\",\"potentialAction\":[{\"@type\":\"SearchAction\",\"target\":{\"@type\":\"EntryPoint\",\"urlTemplate\":\"https:\/\/rekini123.lv\/app\/?s={search_term_string}\"},\"query-input\":{\"@type\":\"PropertyValueSpecification\",\"valueRequired\":true,\"valueName\":\"search_term_string\"}}],\"inLanguage\":\"lt-LT\"}]}<\/script>\n<!-- \/ Yoast SEO plugin. -->","yoast_head_json":{"title":"Algas Kalkulators 2024 | R\u0113\u0137ini 123","description":"Algas kalkulators \u013cauj \u0101tri un prec\u012bzi apr\u0113\u0137in\u0101t darba algu, \u0146emot v\u0113r\u0101 da\u017e\u0101dus nodok\u013cu un soci\u0101l\u0101s apdro\u0161in\u0101\u0161anas iemaksu faktorus!","robots":{"index":"noindex","follow":"follow","max-snippet":"max-snippet:-1","max-image-preview":"max-image-preview:large","max-video-preview":"max-video-preview:-1"},"og_locale":"lt_LT","og_type":"article","og_title":"Algas Kalkulators 2024 | R\u0113\u0137ini 123","og_description":"Algas kalkulators \u013cauj \u0101tri un prec\u012bzi apr\u0113\u0137in\u0101t darba algu, \u0146emot v\u0113r\u0101 da\u017e\u0101dus nodok\u013cu un soci\u0101l\u0101s apdro\u0161in\u0101\u0161anas iemaksu faktorus!","og_url":"https:\/\/rekini123.lv\/app\/algas-kalkulators\/","og_site_name":"R\u0113\u0137ini 123","article_modified_time":"2024-09-21T04:09:01+00:00","twitter_card":"summary_large_image","twitter_misc":{"Est. reading time":"6 minut\u0117s"},"schema":{"@context":"https:\/\/schema.org","@graph":[{"@type":"WebPage","@id":"https:\/\/rekini123.lv\/app\/algas-kalkulators\/","url":"https:\/\/rekini123.lv\/app\/algas-kalkulators\/","name":"Algas Kalkulators 2024 | R\u0113\u0137ini 123","isPartOf":{"@id":"https:\/\/rekini123.lv\/app\/#website"},"datePublished":"2024-09-20T15:45:01+00:00","dateModified":"2024-09-21T04:09:01+00:00","description":"Algas kalkulators \u013cauj \u0101tri un prec\u012bzi apr\u0113\u0137in\u0101t darba algu, \u0146emot v\u0113r\u0101 da\u017e\u0101dus nodok\u013cu un soci\u0101l\u0101s apdro\u0161in\u0101\u0161anas iemaksu faktorus!","breadcrumb":{"@id":"https:\/\/rekini123.lv\/app\/algas-kalkulators\/#breadcrumb"},"inLanguage":"lt-LT","potentialAction":[{"@type":"ReadAction","target":["https:\/\/rekini123.lv\/app\/algas-kalkulators\/"]}]},{"@type":"BreadcrumbList","@id":"https:\/\/rekini123.lv\/app\/algas-kalkulators\/#breadcrumb","itemListElement":[{"@type":"ListItem","position":1,"name":"Home","item":"https:\/\/lightgoldenrodyellow-yak-485109.hostingersite.com\/manager\/"},{"@type":"ListItem","position":2,"name":"Algas Kalkulators 2024"}]},{"@type":"WebSite","@id":"https:\/\/rekini123.lv\/app\/#website","url":"https:\/\/rekini123.lv\/app\/","name":"R\u0113\u0137ini 123","description":"","potentialAction":[{"@type":"SearchAction","target":{"@type":"EntryPoint","urlTemplate":"https:\/\/rekini123.lv\/app\/?s={search_term_string}"},"query-input":{"@type":"PropertyValueSpecification","valueRequired":true,"valueName":"search_term_string"}}],"inLanguage":"lt-LT"}]}},"_links":{"self":[{"href":"https:\/\/rekini123.lv\/app\/wp-json\/wp\/v2\/pages\/4243","targetHints":{"allow":["GET"]}}],"collection":[{"href":"https:\/\/rekini123.lv\/app\/wp-json\/wp\/v2\/pages"}],"about":[{"href":"https:\/\/rekini123.lv\/app\/wp-json\/wp\/v2\/types\/page"}],"author":[{"embeddable":true,"href":"https:\/\/rekini123.lv\/app\/wp-json\/wp\/v2\/users\/1"}],"replies":[{"embeddable":true,"href":"https:\/\/rekini123.lv\/app\/wp-json\/wp\/v2\/comments?post=4243"}],"version-history":[{"count":2,"href":"https:\/\/rekini123.lv\/app\/wp-json\/wp\/v2\/pages\/4243\/revisions"}],"predecessor-version":[{"id":4245,"href":"https:\/\/rekini123.lv\/app\/wp-json\/wp\/v2\/pages\/4243\/revisions\/4245"}],"wp:attachment":[{"href":"https:\/\/rekini123.lv\/app\/wp-json\/wp\/v2\/media?parent=4243"}],"curies":[{"name":"wp","href":"https:\/\/api.w.org\/{rel}","templated":true}]}}