{"id":4064,"date":"2024-07-29T13:30:23","date_gmt":"2024-07-29T13:30:23","guid":{"rendered":"https:\/\/cms.rekini123.lv\/?page_id=4064"},"modified":"2024-07-29T13:34:01","modified_gmt":"2024-07-29T13:34:01","slug":"bezmaksas-kontu-generators","status":"publish","type":"page","link":"https:\/\/rekini123.lv\/app\/bezmaksas-kontu-generators\/","title":{"rendered":"Bezmaksas kontu \u0123enerators!"},"content":{"rendered":"\n\n\n<div aria-hidden=\"true\" class=\"wp-block-fsb-flexible-spacer fsb-flexible-spacer\"><div class=\"fsb-flexible-spacer__device fsb-flexible-spacer__device--lg\" style=\"height:100px\"><\/div><div class=\"fsb-flexible-spacer__device fsb-flexible-spacer__device--md\" style=\"height:60px\"><\/div><div class=\"fsb-flexible-spacer__device fsb-flexible-spacer__device--sm\" style=\"height:60px\"><\/div><\/div>\n\n\n\r\n<div class=\"container-block\">\r\n    <div class=\"container\">\r\n        \n\n\r\n    <\/div>\r\n<\/div>\r\n\n\n\n<div aria-hidden=\"true\" class=\"wp-block-fsb-flexible-spacer fsb-flexible-spacer\"><div class=\"fsb-flexible-spacer__device fsb-flexible-spacer__device--lg\" style=\"height:100px\"><\/div><div class=\"fsb-flexible-spacer__device fsb-flexible-spacer__device--md\" style=\"height:60px\"><\/div><div class=\"fsb-flexible-spacer__device fsb-flexible-spacer__device--sm\" style=\"height:60px\"><\/div><\/div>\n\n\n\r\n<div class=\"container-block\">\r\n    <div class=\"container\">\r\n        \n\n\r\n    <\/div>\r\n<\/div>\r\n\n\n\n<div aria-hidden=\"true\" class=\"wp-block-fsb-flexible-spacer fsb-flexible-spacer\"><div class=\"fsb-flexible-spacer__device fsb-flexible-spacer__device--lg\" style=\"height:100px\"><\/div><div class=\"fsb-flexible-spacer__device fsb-flexible-spacer__device--md\" style=\"height:60px\"><\/div><div class=\"fsb-flexible-spacer__device fsb-flexible-spacer__device--sm\" style=\"height:60px\"><\/div><\/div>\n\n\n\r\n<div class=\"container-block\">\r\n    <div class=\"container\">\r\n        \n\n\r\n    <\/div>\r\n<\/div>\r\n\n\n\n<div aria-hidden=\"true\" class=\"wp-block-fsb-flexible-spacer fsb-flexible-spacer\"><div class=\"fsb-flexible-spacer__device fsb-flexible-spacer__device--lg\" style=\"height:100px\"><\/div><div class=\"fsb-flexible-spacer__device fsb-flexible-spacer__device--md\" style=\"height:60px\"><\/div><div class=\"fsb-flexible-spacer__device fsb-flexible-spacer__device--sm\" style=\"height:60px\"><\/div><\/div>\n","protected":false},"excerpt":{"rendered":"","protected":false},"author":1,"featured_media":0,"parent":0,"menu_order":0,"comment_status":"closed","ping_status":"closed","template":"","meta":{"_acf_changed":false,"inline_featured_image":false,"footnotes":""},"class_list":["post-4064","page","type-page","status-publish","hentry"],"acf":[],"yoast_head":"<!-- This site is optimized with the Yoast SEO plugin v26.5 - https:\/\/yoast.com\/wordpress\/plugins\/seo\/ -->\n<title>Bezmaksas kontu \u0123enerators! | R\u0113\u0137ini 123<\/title>\n<meta name=\"robots\" content=\"noindex, follow, max-snippet:-1, max-image-preview:large, max-video-preview:-1\" \/>\n<meta property=\"og:locale\" content=\"lt_LT\" \/>\n<meta property=\"og:type\" content=\"article\" \/>\n<meta property=\"og:title\" content=\"Bezmaksas kontu \u0123enerators! | R\u0113\u0137ini 123\" \/>\n<meta property=\"og:url\" content=\"https:\/\/rekini123.lv\/app\/bezmaksas-kontu-generators\/\" \/>\n<meta property=\"og:site_name\" content=\"R\u0113\u0137ini 123\" \/>\n<meta property=\"article:modified_time\" content=\"2024-07-29T13:34:01+00:00\" \/>\n<meta name=\"twitter:card\" content=\"summary_large_image\" \/>\n<script type=\"application\/ld+json\" class=\"yoast-schema-graph\">{\"@context\":\"https:\/\/schema.org\",\"@graph\":[{\"@type\":\"WebPage\",\"@id\":\"https:\/\/rekini123.lv\/app\/bezmaksas-kontu-generators\/\",\"url\":\"https:\/\/rekini123.lv\/app\/bezmaksas-kontu-generators\/\",\"name\":\"Bezmaksas kontu \u0123enerators! | R\u0113\u0137ini 123\",\"isPartOf\":{\"@id\":\"https:\/\/rekini123.lv\/app\/#website\"},\"datePublished\":\"2024-07-29T13:30:23+00:00\",\"dateModified\":\"2024-07-29T13:34:01+00:00\",\"breadcrumb\":{\"@id\":\"https:\/\/rekini123.lv\/app\/bezmaksas-kontu-generators\/#breadcrumb\"},\"inLanguage\":\"lt-LT\",\"potentialAction\":[{\"@type\":\"ReadAction\",\"target\":[\"https:\/\/rekini123.lv\/app\/bezmaksas-kontu-generators\/\"]}]},{\"@type\":\"BreadcrumbList\",\"@id\":\"https:\/\/rekini123.lv\/app\/bezmaksas-kontu-generators\/#breadcrumb\",\"itemListElement\":[{\"@type\":\"ListItem\",\"position\":1,\"name\":\"Home\",\"item\":\"https:\/\/lightgoldenrodyellow-yak-485109.hostingersite.com\/manager\/\"},{\"@type\":\"ListItem\",\"position\":2,\"name\":\"Bezmaksas kontu \u0123enerators!\"}]},{\"@type\":\"WebSite\",\"@id\":\"https:\/\/rekini123.lv\/app\/#website\",\"url\":\"https:\/\/rekini123.lv\/app\/\",\"name\":\"R\u0113\u0137ini 123\",\"description\":\"\",\"potentialAction\":[{\"@type\":\"SearchAction\",\"target\":{\"@type\":\"EntryPoint\",\"urlTemplate\":\"https:\/\/rekini123.lv\/app\/?s={search_term_string}\"},\"query-input\":{\"@type\":\"PropertyValueSpecification\",\"valueRequired\":true,\"valueName\":\"search_term_string\"}}],\"inLanguage\":\"lt-LT\"}]}<\/script>\n<!-- \/ Yoast SEO plugin. -->","yoast_head_json":{"title":"Bezmaksas kontu \u0123enerators! | R\u0113\u0137ini 123","robots":{"index":"noindex","follow":"follow","max-snippet":"max-snippet:-1","max-image-preview":"max-image-preview:large","max-video-preview":"max-video-preview:-1"},"og_locale":"lt_LT","og_type":"article","og_title":"Bezmaksas kontu \u0123enerators! | R\u0113\u0137ini 123","og_url":"https:\/\/rekini123.lv\/app\/bezmaksas-kontu-generators\/","og_site_name":"R\u0113\u0137ini 123","article_modified_time":"2024-07-29T13:34:01+00:00","twitter_card":"summary_large_image","schema":{"@context":"https:\/\/schema.org","@graph":[{"@type":"WebPage","@id":"https:\/\/rekini123.lv\/app\/bezmaksas-kontu-generators\/","url":"https:\/\/rekini123.lv\/app\/bezmaksas-kontu-generators\/","name":"Bezmaksas kontu \u0123enerators! | R\u0113\u0137ini 123","isPartOf":{"@id":"https:\/\/rekini123.lv\/app\/#website"},"datePublished":"2024-07-29T13:30:23+00:00","dateModified":"2024-07-29T13:34:01+00:00","breadcrumb":{"@id":"https:\/\/rekini123.lv\/app\/bezmaksas-kontu-generators\/#breadcrumb"},"inLanguage":"lt-LT","potentialAction":[{"@type":"ReadAction","target":["https:\/\/rekini123.lv\/app\/bezmaksas-kontu-generators\/"]}]},{"@type":"BreadcrumbList","@id":"https:\/\/rekini123.lv\/app\/bezmaksas-kontu-generators\/#breadcrumb","itemListElement":[{"@type":"ListItem","position":1,"name":"Home","item":"https:\/\/lightgoldenrodyellow-yak-485109.hostingersite.com\/manager\/"},{"@type":"ListItem","position":2,"name":"Bezmaksas kontu \u0123enerators!"}]},{"@type":"WebSite","@id":"https:\/\/rekini123.lv\/app\/#website","url":"https:\/\/rekini123.lv\/app\/","name":"R\u0113\u0137ini 123","description":"","potentialAction":[{"@type":"SearchAction","target":{"@type":"EntryPoint","urlTemplate":"https:\/\/rekini123.lv\/app\/?s={search_term_string}"},"query-input":{"@type":"PropertyValueSpecification","valueRequired":true,"valueName":"search_term_string"}}],"inLanguage":"lt-LT"}]}},"_links":{"self":[{"href":"https:\/\/rekini123.lv\/app\/wp-json\/wp\/v2\/pages\/4064","targetHints":{"allow":["GET"]}}],"collection":[{"href":"https:\/\/rekini123.lv\/app\/wp-json\/wp\/v2\/pages"}],"about":[{"href":"https:\/\/rekini123.lv\/app\/wp-json\/wp\/v2\/types\/page"}],"author":[{"embeddable":true,"href":"https:\/\/rekini123.lv\/app\/wp-json\/wp\/v2\/users\/1"}],"replies":[{"embeddable":true,"href":"https:\/\/rekini123.lv\/app\/wp-json\/wp\/v2\/comments?post=4064"}],"version-history":[{"count":4,"href":"https:\/\/rekini123.lv\/app\/wp-json\/wp\/v2\/pages\/4064\/revisions"}],"predecessor-version":[{"id":4068,"href":"https:\/\/rekini123.lv\/app\/wp-json\/wp\/v2\/pages\/4064\/revisions\/4068"}],"wp:attachment":[{"href":"https:\/\/rekini123.lv\/app\/wp-json\/wp\/v2\/media?parent=4064"}],"curies":[{"name":"wp","href":"https:\/\/api.w.org\/{rel}","templated":true}]}}