{"id":4023,"date":"2024-07-30T18:18:16","date_gmt":"2024-07-30T18:18:16","guid":{"rendered":"https:\/\/cms.rekini123.lv\/?page_id=4023"},"modified":"2024-08-01T08:28:05","modified_gmt":"2024-08-01T08:28:05","slug":"2024-gada-darba-dienu-kalendars","status":"publish","type":"page","link":"https:\/\/rekini123.lv\/app\/2024-gada-darba-dienu-kalendars\/","title":{"rendered":"2024 gada darba dienu kalend\u0101rs"},"content":{"rendered":"\n<div aria-hidden=\"true\" class=\"wp-block-fsb-flexible-spacer fsb-flexible-spacer\"><div class=\"fsb-flexible-spacer__device fsb-flexible-spacer__device--lg\" style=\"height:176px\"><\/div><div class=\"fsb-flexible-spacer__device fsb-flexible-spacer__device--md\" style=\"height:80px\"><\/div><div class=\"fsb-flexible-spacer__device fsb-flexible-spacer__device--sm\" style=\"height:80px\"><\/div><\/div>\n\n\n\r\n<div class=\"container-block\">\r\n    <div class=\"container\">\r\n        \n\n<h2 class=\"wp-block-heading\">2024 gada darba dienu kalend\u0101rs<\/h2>\n\n\n\n<div aria-hidden=\"true\" class=\"wp-block-fsb-flexible-spacer fsb-flexible-spacer\"><div class=\"fsb-flexible-spacer__device fsb-flexible-spacer__device--lg\" style=\"height:30px\"><\/div><div class=\"fsb-flexible-spacer__device fsb-flexible-spacer__device--md\" style=\"height:30px\"><\/div><div class=\"fsb-flexible-spacer__device fsb-flexible-spacer__device--sm\" style=\"height:30px\"><\/div><\/div>\n\n\n\n\n\n<h3 class=\"wp-block-heading\"><br>2024. Gada Darba Dienu Kalend\u0101rs un Br\u012bvdienu Kalend\u0101rs Latvij\u0101<\/h3>\n\n\n\n<ol class=\"wp-block-list\">\n<li>gada darba un br\u012bvdienu kalend\u0101rs pied\u0101v\u0101 b\u016btisku inform\u0101ciju gan darbiniekiem, gan darba dev\u0113jiem, pal\u012bdzot pl\u0101not darbu un atp\u016btu visa gada garum\u0101. Gada darba dienu kalend\u0101rs sniedz detaliz\u0113tu p\u0101rskatu par darba dien\u0101m 2024. gad\u0101. Darba dienu kalend\u0101rs ietver darba dienu un stundu skaitu katr\u0101 m\u0113nes\u012b, iek\u013caujot sv\u0113tku dienas un izmai\u0146as darba grafik\u0101.<\/li>\n<\/ol>\n\n\n\n<h4 class=\"wp-block-heading\">Lieldienas<\/h4>\n\n\n\n<ul class=\"wp-block-list\">\n<li><strong>31. marts:<\/strong> Pirm\u0101s Lieldienas (sv\u0113tdiena)<\/li>\n\n\n\n<li><strong>1. apr\u012blis:<\/strong> Otr\u0101s Lieldienas (pirmdiena)<\/li>\n\n\n\n<li>Mart\u0101: 22 darba dienas, 159 darba stundas<\/li>\n\n\n\n<li>Apr\u012bl\u012b: 22 darba dienas 176 darba stundas<\/li>\n<\/ul>\n\n\n\n<h4 class=\"wp-block-heading\">Maijs darba dienu kalend\u0101rs<\/h4>\n\n\n\n<ul class=\"wp-block-list\">\n<li><strong>1. maijs:<\/strong> Darba sv\u0113tki<\/li>\n\n\n\n<li><strong>4. maijs:<\/strong> Latvijas Republikas Neatkar\u012bbas atjauno\u0161anas diena (sestdiena, br\u012bvdiena p\u0101rnesta uz 6. maiju)<\/li>\n\n\n\n<li><strong>12. maijs:<\/strong> M\u0101tes diena<\/li>\n\n\n\n<li><strong>19. maijs:<\/strong> Vasarsv\u0113tki<\/li>\n\n\n\n<li>Maij\u0101: 21 darba diena, 167 darba stundas. Da\u017eas dienas ir noteiktas k\u0101 diena 7 darba stundas.<\/li>\n<\/ul>\n\n\n\n<h4 class=\"wp-block-heading\">J\u016bnijs<\/h4>\n\n\n\n<ul class=\"wp-block-list\">\n<li><strong>23. j\u016bnijs:<\/strong> L\u012bgo diena<\/li>\n\n\n\n<li><strong>24. j\u016bnijs:<\/strong> J\u0101\u0146u diena<\/li>\n\n\n\n<li>J\u016bnij\u0101: 19 darba dienas, 152 darba stundas, kop\u0101 dienas 176 darba stundas<\/li>\n<\/ul>\n\n\n\n<h4 class=\"wp-block-heading\">Septembris<\/h4>\n\n\n\n<ul class=\"wp-block-list\">\n<li><strong>8. septembris:<\/strong> T\u0113va diena<\/li>\n<\/ul>\n\n\n\n<h4 class=\"wp-block-heading\">Novembris latvijas republikas proklam\u0113\u0161anas diena<\/h4>\n\n\n\n<ul class=\"wp-block-list\">\n<li><strong>18. novembris:<\/strong> Latvijas Republikas proklam\u0113\u0161anas diena<\/li>\n\n\n\n<li>Novembr\u012b: 20 darba dienas, 160 darba stundas<\/li>\n<\/ul>\n\n\n\n<h4 class=\"wp-block-heading\">Decembris pirmssv\u0113tku diena 7 darba<\/h4>\n\n\n\n<ul class=\"wp-block-list\">\n<li><strong>24.-26. decembris:<\/strong> Ziemassv\u0113tki<\/li>\n\n\n\n<li><strong>31. decembris:<\/strong> Vecgada diena<\/li>\n\n\n\n<li>Decembr\u012b: 18 darba dienas, 142 darba stundas<\/li>\n<\/ul>\n\n\n\n<p>Darba dienu p\u0101rcel\u0161ana: iest\u0101des p\u0101rce\u013c darba dienu<\/p>\n\n\n\n<ul class=\"wp-block-list\">\n<li><strong>23. decembris<\/strong> tiek p\u0101rcelta uz <strong>14. decembri<\/strong>. Pa\u0161vald\u012bbas iest\u0101des p\u0101rce\u013c darba dienu, lai piel\u0101gotos sv\u0113tku laikam.<\/li>\n\n\n\n<li><strong>30. decembris<\/strong> tiek p\u0101rcelta uz <strong>28. decembri<\/strong>. Un pa\u0161vald\u012bbas iest\u0101des p\u0101rce\u013c darba dienu, lai nodro\u0161in\u0101tu nep\u0101rtrauktu sv\u0113tku periodu.<\/li>\n<\/ul>\n\n\n\n<p>\u0160\u0101da detaliz\u0113ta inform\u0101cija \u013cauj efekt\u012bvi pl\u0101not gan darba grafikus, gan atp\u016btas laikus, \u0146emot v\u0113r\u0101 ofici\u0101l\u0101s sv\u0113tku dienas un darba dienu p\u0101rcel\u0161anas iesp\u0113jas. Valsts un pa\u0161vald\u012bbas iest\u0101des piel\u0101go darba dienas, lai atvieglotu sv\u0113tku pl\u0101no\u0161anu.<\/p>\n\n\r\n    <\/div>\r\n<\/div>\r\n\n\n\n<div aria-hidden=\"true\" class=\"wp-block-fsb-flexible-spacer fsb-flexible-spacer\"><div class=\"fsb-flexible-spacer__device fsb-flexible-spacer__device--lg\" style=\"height:176px\"><\/div><div class=\"fsb-flexible-spacer__device fsb-flexible-spacer__device--md\" style=\"height:80px\"><\/div><div class=\"fsb-flexible-spacer__device fsb-flexible-spacer__device--sm\" style=\"height:80px\"><\/div><\/div>\n","protected":false},"excerpt":{"rendered":"","protected":false},"author":1,"featured_media":0,"parent":0,"menu_order":0,"comment_status":"closed","ping_status":"closed","template":"","meta":{"_acf_changed":false,"inline_featured_image":false,"footnotes":""},"class_list":["post-4023","page","type-page","status-publish","hentry"],"acf":[],"yoast_head":"<!-- This site is optimized with the Yoast SEO plugin v26.5 - https:\/\/yoast.com\/wordpress\/plugins\/seo\/ -->\n<title>2024 gada darba dienu kalend\u0101rs | R\u0113\u0137ini 123<\/title>\n<meta name=\"description\" content=\"Izp\u0113tiet visaptvero\u0161o 2024. gada darba dienu kalend\u0101ru vietn\u0113 Rekini123. Pl\u0101nojiet savu gadu efekt\u012bvi, izmantojot detaliz\u0113tus m\u0113ne\u0161a skatus par darba dien\u0101m, sv\u0113tku dien\u0101m un br\u012bvdien\u0101m Latvij\u0101. Ide\u0101li piem\u0113rots uz\u0146\u0113mumiem un priv\u0101tperson\u0101m, kas tiecas p\u0113c optim\u0101las pl\u0101no\u0161anas.\" \/>\n<meta name=\"robots\" content=\"noindex, follow, max-snippet:-1, max-image-preview:large, max-video-preview:-1\" \/>\n<meta property=\"og:locale\" content=\"lt_LT\" \/>\n<meta property=\"og:type\" content=\"article\" \/>\n<meta property=\"og:title\" content=\"2024 gada darba dienu kalend\u0101rs | R\u0113\u0137ini 123\" \/>\n<meta property=\"og:description\" content=\"Izp\u0113tiet visaptvero\u0161o 2024. gada darba dienu kalend\u0101ru vietn\u0113 Rekini123. Pl\u0101nojiet savu gadu efekt\u012bvi, izmantojot detaliz\u0113tus m\u0113ne\u0161a skatus par darba dien\u0101m, sv\u0113tku dien\u0101m un br\u012bvdien\u0101m Latvij\u0101. Ide\u0101li piem\u0113rots uz\u0146\u0113mumiem un priv\u0101tperson\u0101m, kas tiecas p\u0113c optim\u0101las pl\u0101no\u0161anas.\" \/>\n<meta property=\"og:url\" content=\"https:\/\/rekini123.lv\/app\/2024-gada-darba-dienu-kalendars\/\" \/>\n<meta property=\"og:site_name\" content=\"R\u0113\u0137ini 123\" \/>\n<meta property=\"article:modified_time\" content=\"2024-08-01T08:28:05+00:00\" \/>\n<meta name=\"twitter:card\" content=\"summary_large_image\" \/>\n<meta name=\"twitter:label1\" content=\"Est. reading time\" \/>\n\t<meta name=\"twitter:data1\" content=\"2 minut\u0117s\" \/>\n<script type=\"application\/ld+json\" class=\"yoast-schema-graph\">{\"@context\":\"https:\/\/schema.org\",\"@graph\":[{\"@type\":\"WebPage\",\"@id\":\"https:\/\/rekini123.lv\/app\/2024-gada-darba-dienu-kalendars\/\",\"url\":\"https:\/\/rekini123.lv\/app\/2024-gada-darba-dienu-kalendars\/\",\"name\":\"2024 gada darba dienu kalend\u0101rs | R\u0113\u0137ini 123\",\"isPartOf\":{\"@id\":\"https:\/\/rekini123.lv\/app\/#website\"},\"datePublished\":\"2024-07-30T18:18:16+00:00\",\"dateModified\":\"2024-08-01T08:28:05+00:00\",\"description\":\"Izp\u0113tiet visaptvero\u0161o 2024. gada darba dienu kalend\u0101ru vietn\u0113 Rekini123. Pl\u0101nojiet savu gadu efekt\u012bvi, izmantojot detaliz\u0113tus m\u0113ne\u0161a skatus par darba dien\u0101m, sv\u0113tku dien\u0101m un br\u012bvdien\u0101m Latvij\u0101. Ide\u0101li piem\u0113rots uz\u0146\u0113mumiem un priv\u0101tperson\u0101m, kas tiecas p\u0113c optim\u0101las pl\u0101no\u0161anas.\",\"breadcrumb\":{\"@id\":\"https:\/\/rekini123.lv\/app\/2024-gada-darba-dienu-kalendars\/#breadcrumb\"},\"inLanguage\":\"lt-LT\",\"potentialAction\":[{\"@type\":\"ReadAction\",\"target\":[\"https:\/\/rekini123.lv\/app\/2024-gada-darba-dienu-kalendars\/\"]}]},{\"@type\":\"BreadcrumbList\",\"@id\":\"https:\/\/rekini123.lv\/app\/2024-gada-darba-dienu-kalendars\/#breadcrumb\",\"itemListElement\":[{\"@type\":\"ListItem\",\"position\":1,\"name\":\"Home\",\"item\":\"https:\/\/rekini123.lv\/app\/\"},{\"@type\":\"ListItem\",\"position\":2,\"name\":\"2024 gada darba dienu kalend\u0101rs\"}]},{\"@type\":\"WebSite\",\"@id\":\"https:\/\/rekini123.lv\/app\/#website\",\"url\":\"https:\/\/rekini123.lv\/app\/\",\"name\":\"R\u0113\u0137ini 123\",\"description\":\"\",\"potentialAction\":[{\"@type\":\"SearchAction\",\"target\":{\"@type\":\"EntryPoint\",\"urlTemplate\":\"https:\/\/rekini123.lv\/app\/?s={search_term_string}\"},\"query-input\":{\"@type\":\"PropertyValueSpecification\",\"valueRequired\":true,\"valueName\":\"search_term_string\"}}],\"inLanguage\":\"lt-LT\"}]}<\/script>\n<!-- \/ Yoast SEO plugin. -->","yoast_head_json":{"title":"2024 gada darba dienu kalend\u0101rs | R\u0113\u0137ini 123","description":"Izp\u0113tiet visaptvero\u0161o 2024. gada darba dienu kalend\u0101ru vietn\u0113 Rekini123. Pl\u0101nojiet savu gadu efekt\u012bvi, izmantojot detaliz\u0113tus m\u0113ne\u0161a skatus par darba dien\u0101m, sv\u0113tku dien\u0101m un br\u012bvdien\u0101m Latvij\u0101. Ide\u0101li piem\u0113rots uz\u0146\u0113mumiem un priv\u0101tperson\u0101m, kas tiecas p\u0113c optim\u0101las pl\u0101no\u0161anas.","robots":{"index":"noindex","follow":"follow","max-snippet":"max-snippet:-1","max-image-preview":"max-image-preview:large","max-video-preview":"max-video-preview:-1"},"og_locale":"lt_LT","og_type":"article","og_title":"2024 gada darba dienu kalend\u0101rs | R\u0113\u0137ini 123","og_description":"Izp\u0113tiet visaptvero\u0161o 2024. gada darba dienu kalend\u0101ru vietn\u0113 Rekini123. Pl\u0101nojiet savu gadu efekt\u012bvi, izmantojot detaliz\u0113tus m\u0113ne\u0161a skatus par darba dien\u0101m, sv\u0113tku dien\u0101m un br\u012bvdien\u0101m Latvij\u0101. Ide\u0101li piem\u0113rots uz\u0146\u0113mumiem un priv\u0101tperson\u0101m, kas tiecas p\u0113c optim\u0101las pl\u0101no\u0161anas.","og_url":"https:\/\/rekini123.lv\/app\/2024-gada-darba-dienu-kalendars\/","og_site_name":"R\u0113\u0137ini 123","article_modified_time":"2024-08-01T08:28:05+00:00","twitter_card":"summary_large_image","twitter_misc":{"Est. reading time":"2 minut\u0117s"},"schema":{"@context":"https:\/\/schema.org","@graph":[{"@type":"WebPage","@id":"https:\/\/rekini123.lv\/app\/2024-gada-darba-dienu-kalendars\/","url":"https:\/\/rekini123.lv\/app\/2024-gada-darba-dienu-kalendars\/","name":"2024 gada darba dienu kalend\u0101rs | R\u0113\u0137ini 123","isPartOf":{"@id":"https:\/\/rekini123.lv\/app\/#website"},"datePublished":"2024-07-30T18:18:16+00:00","dateModified":"2024-08-01T08:28:05+00:00","description":"Izp\u0113tiet visaptvero\u0161o 2024. gada darba dienu kalend\u0101ru vietn\u0113 Rekini123. Pl\u0101nojiet savu gadu efekt\u012bvi, izmantojot detaliz\u0113tus m\u0113ne\u0161a skatus par darba dien\u0101m, sv\u0113tku dien\u0101m un br\u012bvdien\u0101m Latvij\u0101. Ide\u0101li piem\u0113rots uz\u0146\u0113mumiem un priv\u0101tperson\u0101m, kas tiecas p\u0113c optim\u0101las pl\u0101no\u0161anas.","breadcrumb":{"@id":"https:\/\/rekini123.lv\/app\/2024-gada-darba-dienu-kalendars\/#breadcrumb"},"inLanguage":"lt-LT","potentialAction":[{"@type":"ReadAction","target":["https:\/\/rekini123.lv\/app\/2024-gada-darba-dienu-kalendars\/"]}]},{"@type":"BreadcrumbList","@id":"https:\/\/rekini123.lv\/app\/2024-gada-darba-dienu-kalendars\/#breadcrumb","itemListElement":[{"@type":"ListItem","position":1,"name":"Home","item":"https:\/\/rekini123.lv\/app\/"},{"@type":"ListItem","position":2,"name":"2024 gada darba dienu kalend\u0101rs"}]},{"@type":"WebSite","@id":"https:\/\/rekini123.lv\/app\/#website","url":"https:\/\/rekini123.lv\/app\/","name":"R\u0113\u0137ini 123","description":"","potentialAction":[{"@type":"SearchAction","target":{"@type":"EntryPoint","urlTemplate":"https:\/\/rekini123.lv\/app\/?s={search_term_string}"},"query-input":{"@type":"PropertyValueSpecification","valueRequired":true,"valueName":"search_term_string"}}],"inLanguage":"lt-LT"}]}},"_links":{"self":[{"href":"https:\/\/rekini123.lv\/app\/wp-json\/wp\/v2\/pages\/4023","targetHints":{"allow":["GET"]}}],"collection":[{"href":"https:\/\/rekini123.lv\/app\/wp-json\/wp\/v2\/pages"}],"about":[{"href":"https:\/\/rekini123.lv\/app\/wp-json\/wp\/v2\/types\/page"}],"author":[{"embeddable":true,"href":"https:\/\/rekini123.lv\/app\/wp-json\/wp\/v2\/users\/1"}],"replies":[{"embeddable":true,"href":"https:\/\/rekini123.lv\/app\/wp-json\/wp\/v2\/comments?post=4023"}],"version-history":[{"count":7,"href":"https:\/\/rekini123.lv\/app\/wp-json\/wp\/v2\/pages\/4023\/revisions"}],"predecessor-version":[{"id":4163,"href":"https:\/\/rekini123.lv\/app\/wp-json\/wp\/v2\/pages\/4023\/revisions\/4163"}],"wp:attachment":[{"href":"https:\/\/rekini123.lv\/app\/wp-json\/wp\/v2\/media?parent=4023"}],"curies":[{"name":"wp","href":"https:\/\/api.w.org\/{rel}","templated":true}]}}