{"id":184,"date":"2023-01-17T14:24:02","date_gmt":"2023-01-17T14:24:02","guid":{"rendered":"https:\/\/wp-api-saskaita123.test\/?page_id=184"},"modified":"2024-07-29T06:07:26","modified_gmt":"2024-07-29T06:07:26","slug":"frilanceriem","status":"publish","type":"page","link":"https:\/\/rekini123.lv\/app\/frilanceriem\/","title":{"rendered":"Fr\u012blanseriem"},"content":{"rendered":"\n\n\r\n<div class=\"container-block\">\r\n    <div class=\"container\">\r\n        \n\n<div aria-hidden=\"true\" class=\"wp-block-fsb-flexible-spacer fsb-flexible-spacer\"><div class=\"fsb-flexible-spacer__device fsb-flexible-spacer__device--lg\" style=\"height:0px\"><\/div><div class=\"fsb-flexible-spacer__device fsb-flexible-spacer__device--md\" style=\"height:30px\"><\/div><div class=\"fsb-flexible-spacer__device fsb-flexible-spacer__device--sm\" style=\"height:30px\"><\/div><\/div>\n\n\n\n\n\n<div aria-hidden=\"true\" class=\"wp-block-fsb-flexible-spacer fsb-flexible-spacer\"><div class=\"fsb-flexible-spacer__device fsb-flexible-spacer__device--lg\" style=\"height:128px\"><\/div><div class=\"fsb-flexible-spacer__device fsb-flexible-spacer__device--md\" style=\"height:80px\"><\/div><div class=\"fsb-flexible-spacer__device fsb-flexible-spacer__device--sm\" style=\"height:40px\"><\/div><\/div>\n\n\n\n<h2 class=\"wp-block-heading has-text-align-center\">Izveido profesion\u0101lu r\u0113\u0137inu da\u017eu sekun\u017eu laik\u0101!<\/h2>\n\n\n\n<div aria-hidden=\"true\" class=\"wp-block-fsb-flexible-spacer fsb-flexible-spacer\"><div class=\"fsb-flexible-spacer__device fsb-flexible-spacer__device--lg\" style=\"height:64px\"><\/div><div class=\"fsb-flexible-spacer__device fsb-flexible-spacer__device--md\" style=\"height:30px\"><\/div><div class=\"fsb-flexible-spacer__device fsb-flexible-spacer__device--sm\" style=\"height:30px\"><\/div><\/div>\n\n\n\n\n\n<div aria-hidden=\"true\" class=\"wp-block-fsb-flexible-spacer fsb-flexible-spacer\"><div class=\"fsb-flexible-spacer__device fsb-flexible-spacer__device--lg\" style=\"height:80px\"><\/div><div class=\"fsb-flexible-spacer__device fsb-flexible-spacer__device--md\" style=\"margin-bottom:-10px\"><\/div><div class=\"fsb-flexible-spacer__device fsb-flexible-spacer__device--sm\" style=\"margin-bottom:-10px\"><\/div><\/div>\n\n\n\n<h2 class=\"wp-block-heading has-text-align-center\" id=\"prices\">Izv\u0113lieties savu pl\u0101nu<\/h2>\n\n\n\n<div aria-hidden=\"true\" class=\"wp-block-fsb-flexible-spacer fsb-flexible-spacer\"><div class=\"fsb-flexible-spacer__device fsb-flexible-spacer__device--lg\" style=\"height:34px\"><\/div><div class=\"fsb-flexible-spacer__device fsb-flexible-spacer__device--md\" style=\"height:30px\"><\/div><div class=\"fsb-flexible-spacer__device fsb-flexible-spacer__device--sm\" style=\"height:30px\"><\/div><\/div>\n\n\n\n\r\n    <\/div>\r\n<\/div>\r\n\n\n\n<div aria-hidden=\"true\" class=\"wp-block-fsb-flexible-spacer fsb-flexible-spacer\"><div class=\"fsb-flexible-spacer__device fsb-flexible-spacer__device--lg\" style=\"height:130px\"><\/div><div class=\"fsb-flexible-spacer__device fsb-flexible-spacer__device--md\" style=\"height:30px\"><\/div><div class=\"fsb-flexible-spacer__device fsb-flexible-spacer__device--sm\" style=\"height:30px\"><\/div><\/div>\n\n\n\r\n<div class=\"container-block\"style=\"background-color:#f6faf6;\">\r\n    <div class=\"container\">\r\n        \n\n<div aria-hidden=\"true\" class=\"wp-block-fsb-flexible-spacer fsb-flexible-spacer\"><div class=\"fsb-flexible-spacer__device fsb-flexible-spacer__device--lg\" style=\"height:64px\"><\/div><div class=\"fsb-flexible-spacer__device fsb-flexible-spacer__device--md\" style=\"height:30px\"><\/div><div class=\"fsb-flexible-spacer__device fsb-flexible-spacer__device--sm\" style=\"height:30px\"><\/div><\/div>\n\n\n\n<h2 class=\"wp-block-heading has-text-align-center\">Tre\u0161o pu\u0161u integr\u0101cijas<\/h2>\n\n\n\n<div aria-hidden=\"true\" class=\"wp-block-fsb-flexible-spacer fsb-flexible-spacer\"><div class=\"fsb-flexible-spacer__device fsb-flexible-spacer__device--lg\" style=\"height:40px\"><\/div><div class=\"fsb-flexible-spacer__device fsb-flexible-spacer__device--md\" style=\"height:20px\"><\/div><div class=\"fsb-flexible-spacer__device fsb-flexible-spacer__device--sm\" style=\"height:20px\"><\/div><\/div>\n\n\n\n\n\n<div aria-hidden=\"true\" class=\"wp-block-fsb-flexible-spacer fsb-flexible-spacer\"><div class=\"fsb-flexible-spacer__device fsb-flexible-spacer__device--lg\" style=\"height:80px\"><\/div><div class=\"fsb-flexible-spacer__device fsb-flexible-spacer__device--md\" style=\"height:20px\"><\/div><div class=\"fsb-flexible-spacer__device fsb-flexible-spacer__device--sm\" style=\"height:20px\"><\/div><\/div>\n\n\r\n    <\/div>\r\n<\/div>\r\n\n\n\n<div aria-hidden=\"true\" class=\"wp-block-fsb-flexible-spacer fsb-flexible-spacer\"><div class=\"fsb-flexible-spacer__device fsb-flexible-spacer__device--lg\" style=\"height:80px\"><\/div><div class=\"fsb-flexible-spacer__device fsb-flexible-spacer__device--md\" style=\"height:30px\"><\/div><div class=\"fsb-flexible-spacer__device fsb-flexible-spacer__device--sm\" style=\"height:30px\"><\/div><\/div>\n\n\n\n<h2 class=\"wp-block-heading has-text-align-center\">Mums uzticas vair\u0101k k\u0101 30,000 lietot\u0101ju<\/h2>\n\n\n\n<div aria-hidden=\"true\" class=\"wp-block-fsb-flexible-spacer fsb-flexible-spacer\"><div class=\"fsb-flexible-spacer__device fsb-flexible-spacer__device--lg\" style=\"height:5px\"><\/div><div class=\"fsb-flexible-spacer__device fsb-flexible-spacer__device--md\" style=\"height:20px\"><\/div><div class=\"fsb-flexible-spacer__device fsb-flexible-spacer__device--sm\" style=\"height:20px\"><\/div><\/div>\n\n\n\n\n\n<div aria-hidden=\"true\" class=\"wp-block-fsb-flexible-spacer fsb-flexible-spacer\"><div class=\"fsb-flexible-spacer__device fsb-flexible-spacer__device--lg\" style=\"height:80px\"><\/div><div class=\"fsb-flexible-spacer__device fsb-flexible-spacer__device--md\" style=\"height:30px\"><\/div><div class=\"fsb-flexible-spacer__device fsb-flexible-spacer__device--sm\" style=\"height:30px\"><\/div><\/div>\n","protected":false},"excerpt":{"rendered":"<p>Mums uzticas vair\u0101k k\u0101 30,000 lietot\u0101ju<\/p>\n","protected":false},"author":1,"featured_media":0,"parent":0,"menu_order":0,"comment_status":"closed","ping_status":"closed","template":"","meta":{"_acf_changed":false,"inline_featured_image":false,"footnotes":""},"class_list":["post-184","page","type-page","status-publish","hentry"],"acf":[],"yoast_head":"<!-- This site is optimized with the Yoast SEO plugin v26.5 - https:\/\/yoast.com\/wordpress\/plugins\/seo\/ -->\n<title>Fr\u012blanseriem | R\u0113\u0137ini 123<\/title>\n<meta name=\"robots\" content=\"noindex, follow, max-snippet:-1, max-image-preview:large, max-video-preview:-1\" \/>\n<meta property=\"og:locale\" content=\"lt_LT\" \/>\n<meta property=\"og:type\" content=\"article\" \/>\n<meta property=\"og:title\" content=\"Fr\u012blanseriem | R\u0113\u0137ini 123\" \/>\n<meta property=\"og:description\" content=\"Mums uzticas vair\u0101k k\u0101 30,000 lietot\u0101ju\" \/>\n<meta property=\"og:url\" content=\"https:\/\/rekini123.lv\/app\/frilanceriem\/\" \/>\n<meta property=\"og:site_name\" content=\"R\u0113\u0137ini 123\" \/>\n<meta property=\"article:modified_time\" content=\"2024-07-29T06:07:26+00:00\" \/>\n<meta name=\"twitter:card\" content=\"summary_large_image\" \/>\n<meta name=\"twitter:label1\" content=\"Est. reading time\" \/>\n\t<meta name=\"twitter:data1\" content=\"1 minut\u0117\" \/>\n<script type=\"application\/ld+json\" class=\"yoast-schema-graph\">{\"@context\":\"https:\/\/schema.org\",\"@graph\":[{\"@type\":\"WebPage\",\"@id\":\"https:\/\/rekini123.lv\/app\/frilanceriem\/\",\"url\":\"https:\/\/rekini123.lv\/app\/frilanceriem\/\",\"name\":\"Fr\u012blanseriem | R\u0113\u0137ini 123\",\"isPartOf\":{\"@id\":\"https:\/\/rekini123.lv\/app\/#website\"},\"datePublished\":\"2023-01-17T14:24:02+00:00\",\"dateModified\":\"2024-07-29T06:07:26+00:00\",\"breadcrumb\":{\"@id\":\"https:\/\/rekini123.lv\/app\/frilanceriem\/#breadcrumb\"},\"inLanguage\":\"lt-LT\",\"potentialAction\":[{\"@type\":\"ReadAction\",\"target\":[\"https:\/\/rekini123.lv\/app\/frilanceriem\/\"]}]},{\"@type\":\"BreadcrumbList\",\"@id\":\"https:\/\/rekini123.lv\/app\/frilanceriem\/#breadcrumb\",\"itemListElement\":[{\"@type\":\"ListItem\",\"position\":1,\"name\":\"Home\",\"item\":\"https:\/\/lightgoldenrodyellow-yak-485109.hostingersite.com\/manager\/\"},{\"@type\":\"ListItem\",\"position\":2,\"name\":\"Fr\u012blanseriem\"}]},{\"@type\":\"WebSite\",\"@id\":\"https:\/\/rekini123.lv\/app\/#website\",\"url\":\"https:\/\/rekini123.lv\/app\/\",\"name\":\"R\u0113\u0137ini 123\",\"description\":\"\",\"potentialAction\":[{\"@type\":\"SearchAction\",\"target\":{\"@type\":\"EntryPoint\",\"urlTemplate\":\"https:\/\/rekini123.lv\/app\/?s={search_term_string}\"},\"query-input\":{\"@type\":\"PropertyValueSpecification\",\"valueRequired\":true,\"valueName\":\"search_term_string\"}}],\"inLanguage\":\"lt-LT\"}]}<\/script>\n<!-- \/ Yoast SEO plugin. -->","yoast_head_json":{"title":"Fr\u012blanseriem | R\u0113\u0137ini 123","robots":{"index":"noindex","follow":"follow","max-snippet":"max-snippet:-1","max-image-preview":"max-image-preview:large","max-video-preview":"max-video-preview:-1"},"og_locale":"lt_LT","og_type":"article","og_title":"Fr\u012blanseriem | R\u0113\u0137ini 123","og_description":"Mums uzticas vair\u0101k k\u0101 30,000 lietot\u0101ju","og_url":"https:\/\/rekini123.lv\/app\/frilanceriem\/","og_site_name":"R\u0113\u0137ini 123","article_modified_time":"2024-07-29T06:07:26+00:00","twitter_card":"summary_large_image","twitter_misc":{"Est. reading time":"1 minut\u0117"},"schema":{"@context":"https:\/\/schema.org","@graph":[{"@type":"WebPage","@id":"https:\/\/rekini123.lv\/app\/frilanceriem\/","url":"https:\/\/rekini123.lv\/app\/frilanceriem\/","name":"Fr\u012blanseriem | R\u0113\u0137ini 123","isPartOf":{"@id":"https:\/\/rekini123.lv\/app\/#website"},"datePublished":"2023-01-17T14:24:02+00:00","dateModified":"2024-07-29T06:07:26+00:00","breadcrumb":{"@id":"https:\/\/rekini123.lv\/app\/frilanceriem\/#breadcrumb"},"inLanguage":"lt-LT","potentialAction":[{"@type":"ReadAction","target":["https:\/\/rekini123.lv\/app\/frilanceriem\/"]}]},{"@type":"BreadcrumbList","@id":"https:\/\/rekini123.lv\/app\/frilanceriem\/#breadcrumb","itemListElement":[{"@type":"ListItem","position":1,"name":"Home","item":"https:\/\/lightgoldenrodyellow-yak-485109.hostingersite.com\/manager\/"},{"@type":"ListItem","position":2,"name":"Fr\u012blanseriem"}]},{"@type":"WebSite","@id":"https:\/\/rekini123.lv\/app\/#website","url":"https:\/\/rekini123.lv\/app\/","name":"R\u0113\u0137ini 123","description":"","potentialAction":[{"@type":"SearchAction","target":{"@type":"EntryPoint","urlTemplate":"https:\/\/rekini123.lv\/app\/?s={search_term_string}"},"query-input":{"@type":"PropertyValueSpecification","valueRequired":true,"valueName":"search_term_string"}}],"inLanguage":"lt-LT"}]}},"_links":{"self":[{"href":"https:\/\/rekini123.lv\/app\/wp-json\/wp\/v2\/pages\/184","targetHints":{"allow":["GET"]}}],"collection":[{"href":"https:\/\/rekini123.lv\/app\/wp-json\/wp\/v2\/pages"}],"about":[{"href":"https:\/\/rekini123.lv\/app\/wp-json\/wp\/v2\/types\/page"}],"author":[{"embeddable":true,"href":"https:\/\/rekini123.lv\/app\/wp-json\/wp\/v2\/users\/1"}],"replies":[{"embeddable":true,"href":"https:\/\/rekini123.lv\/app\/wp-json\/wp\/v2\/comments?post=184"}],"version-history":[{"count":95,"href":"https:\/\/rekini123.lv\/app\/wp-json\/wp\/v2\/pages\/184\/revisions"}],"predecessor-version":[{"id":4045,"href":"https:\/\/rekini123.lv\/app\/wp-json\/wp\/v2\/pages\/184\/revisions\/4045"}],"wp:attachment":[{"href":"https:\/\/rekini123.lv\/app\/wp-json\/wp\/v2\/media?parent=184"}],"curies":[{"name":"wp","href":"https:\/\/api.w.org\/{rel}","templated":true}]}}