{"id":157,"date":"2023-01-16T13:29:06","date_gmt":"2023-01-16T13:29:06","guid":{"rendered":"https:\/\/wp-api-saskaita123.test\/?page_id=157"},"modified":"2024-08-01T08:20:09","modified_gmt":"2024-08-01T08:20:09","slug":"par-mums","status":"publish","type":"page","link":"https:\/\/rekini123.lv\/app\/par-mums\/","title":{"rendered":"Par mums"},"content":{"rendered":"\n\n\n<div aria-hidden=\"true\" class=\"wp-block-fsb-flexible-spacer fsb-flexible-spacer\"><div class=\"fsb-flexible-spacer__device fsb-flexible-spacer__device--lg\" style=\"height:80px\"><\/div><div class=\"fsb-flexible-spacer__device fsb-flexible-spacer__device--md\" style=\"height:30px\"><\/div><div class=\"fsb-flexible-spacer__device fsb-flexible-spacer__device--sm\" style=\"height:30px\"><\/div><\/div>\n\n\n\n\n\n<div aria-hidden=\"true\" class=\"wp-block-fsb-flexible-spacer fsb-flexible-spacer\"><div class=\"fsb-flexible-spacer__device fsb-flexible-spacer__device--lg\" style=\"height:128px\"><\/div><div class=\"fsb-flexible-spacer__device fsb-flexible-spacer__device--md\" style=\"height:80px\"><\/div><div class=\"fsb-flexible-spacer__device fsb-flexible-spacer__device--sm\" style=\"height:80px\"><\/div><\/div>\n\n\n\r\n<div class=\"container-block\">\r\n    <div class=\"container\">\r\n        \n\n\n\n<div aria-hidden=\"true\" class=\"wp-block-fsb-flexible-spacer fsb-flexible-spacer\"><div class=\"fsb-flexible-spacer__device fsb-flexible-spacer__device--lg\" style=\"height:132px\"><\/div><div class=\"fsb-flexible-spacer__device fsb-flexible-spacer__device--md\" style=\"height:30px\"><\/div><div class=\"fsb-flexible-spacer__device fsb-flexible-spacer__device--sm\" style=\"height:30px\"><\/div><\/div>\n\n\n\n\n\n<div aria-hidden=\"true\" class=\"wp-block-fsb-flexible-spacer fsb-flexible-spacer\"><div class=\"fsb-flexible-spacer__device fsb-flexible-spacer__device--lg\" style=\"height:132px\"><\/div><div class=\"fsb-flexible-spacer__device fsb-flexible-spacer__device--md\" style=\"height:30px\"><\/div><div class=\"fsb-flexible-spacer__device fsb-flexible-spacer__device--sm\" style=\"height:30px\"><\/div><\/div>\n\n\n\n\n\n<div aria-hidden=\"true\" class=\"wp-block-fsb-flexible-spacer fsb-flexible-spacer\"><div class=\"fsb-flexible-spacer__device fsb-flexible-spacer__device--lg\" style=\"height:132px\"><\/div><div class=\"fsb-flexible-spacer__device fsb-flexible-spacer__device--md\" style=\"height:30px\"><\/div><div class=\"fsb-flexible-spacer__device fsb-flexible-spacer__device--sm\" style=\"height:30px\"><\/div><\/div>\n\n\n\n<h2 class=\"wp-block-heading has-text-align-center\">Vai Tevi interes\u0113 m\u016bsu jaun\u0101kie pan\u0101kumi?<\/h2>\n\n\n\n<div aria-hidden=\"true\" class=\"wp-block-fsb-flexible-spacer fsb-flexible-spacer\"><div class=\"fsb-flexible-spacer__device fsb-flexible-spacer__device--lg\" style=\"height:132px\"><\/div><div class=\"fsb-flexible-spacer__device fsb-flexible-spacer__device--md\" style=\"height:30px\"><\/div><div class=\"fsb-flexible-spacer__device fsb-flexible-spacer__device--sm\" style=\"height:30px\"><\/div><\/div>\n\n\r\n    <\/div>\r\n<\/div>\r\n\n\n","protected":false},"excerpt":{"rendered":"","protected":false},"author":1,"featured_media":0,"parent":0,"menu_order":0,"comment_status":"closed","ping_status":"closed","template":"","meta":{"_acf_changed":false,"inline_featured_image":false,"footnotes":""},"class_list":["post-157","page","type-page","status-publish","hentry"],"acf":[],"yoast_head":"<!-- This site is optimized with the Yoast SEO plugin v26.5 - https:\/\/yoast.com\/wordpress\/plugins\/seo\/ -->\n<title>Par mums | R\u0113\u0137ini 123<\/title>\n<meta name=\"description\" content=\"&quot;Iepaz\u012bsties ar R\u0113\u0137ini123 \u2013 inovat\u012bvi gr\u0101matved\u012bbas un r\u0113\u0137inu izrakst\u012b\u0161anas risin\u0101jumi fr\u012blanseriem un maziem uz\u0146\u0113mumiem. Vienk\u0101r\u0161ojam uz\u0146\u0113m\u0113jdarb\u012bbas procesu ar \u0113rtu un efekt\u012bvu programmat\u016bru kop\u0161 2015. gada.&quot;\" \/>\n<meta name=\"robots\" content=\"noindex, follow, max-snippet:-1, max-image-preview:large, max-video-preview:-1\" \/>\n<meta property=\"og:locale\" content=\"lt_LT\" \/>\n<meta property=\"og:type\" content=\"article\" \/>\n<meta property=\"og:title\" content=\"Par mums | R\u0113\u0137ini 123\" \/>\n<meta property=\"og:description\" content=\"&quot;Iepaz\u012bsties ar R\u0113\u0137ini123 \u2013 inovat\u012bvi gr\u0101matved\u012bbas un r\u0113\u0137inu izrakst\u012b\u0161anas risin\u0101jumi fr\u012blanseriem un maziem uz\u0146\u0113mumiem. Vienk\u0101r\u0161ojam uz\u0146\u0113m\u0113jdarb\u012bbas procesu ar \u0113rtu un efekt\u012bvu programmat\u016bru kop\u0161 2015. gada.&quot;\" \/>\n<meta property=\"og:url\" content=\"https:\/\/rekini123.lv\/app\/par-mums\/\" \/>\n<meta property=\"og:site_name\" content=\"R\u0113\u0137ini 123\" \/>\n<meta property=\"article:modified_time\" content=\"2024-08-01T08:20:09+00:00\" \/>\n<meta name=\"twitter:card\" content=\"summary_large_image\" \/>\n<meta name=\"twitter:label1\" content=\"Est. reading time\" \/>\n\t<meta name=\"twitter:data1\" content=\"1 minut\u0117\" \/>\n<script type=\"application\/ld+json\" class=\"yoast-schema-graph\">{\"@context\":\"https:\/\/schema.org\",\"@graph\":[{\"@type\":\"WebPage\",\"@id\":\"https:\/\/rekini123.lv\/app\/par-mums\/\",\"url\":\"https:\/\/rekini123.lv\/app\/par-mums\/\",\"name\":\"Par mums | R\u0113\u0137ini 123\",\"isPartOf\":{\"@id\":\"https:\/\/rekini123.lv\/app\/#website\"},\"datePublished\":\"2023-01-16T13:29:06+00:00\",\"dateModified\":\"2024-08-01T08:20:09+00:00\",\"description\":\"\\\"Iepaz\u012bsties ar R\u0113\u0137ini123 \u2013 inovat\u012bvi gr\u0101matved\u012bbas un r\u0113\u0137inu izrakst\u012b\u0161anas risin\u0101jumi fr\u012blanseriem un maziem uz\u0146\u0113mumiem. Vienk\u0101r\u0161ojam uz\u0146\u0113m\u0113jdarb\u012bbas procesu ar \u0113rtu un efekt\u012bvu programmat\u016bru kop\u0161 2015. gada.\\\"\",\"breadcrumb\":{\"@id\":\"https:\/\/rekini123.lv\/app\/par-mums\/#breadcrumb\"},\"inLanguage\":\"lt-LT\",\"potentialAction\":[{\"@type\":\"ReadAction\",\"target\":[\"https:\/\/rekini123.lv\/app\/par-mums\/\"]}]},{\"@type\":\"BreadcrumbList\",\"@id\":\"https:\/\/rekini123.lv\/app\/par-mums\/#breadcrumb\",\"itemListElement\":[{\"@type\":\"ListItem\",\"position\":1,\"name\":\"Home\",\"item\":\"https:\/\/rekini123.lv\/app\/\"},{\"@type\":\"ListItem\",\"position\":2,\"name\":\"Par mums\"}]},{\"@type\":\"WebSite\",\"@id\":\"https:\/\/rekini123.lv\/app\/#website\",\"url\":\"https:\/\/rekini123.lv\/app\/\",\"name\":\"R\u0113\u0137ini 123\",\"description\":\"\",\"potentialAction\":[{\"@type\":\"SearchAction\",\"target\":{\"@type\":\"EntryPoint\",\"urlTemplate\":\"https:\/\/rekini123.lv\/app\/?s={search_term_string}\"},\"query-input\":{\"@type\":\"PropertyValueSpecification\",\"valueRequired\":true,\"valueName\":\"search_term_string\"}}],\"inLanguage\":\"lt-LT\"}]}<\/script>\n<!-- \/ Yoast SEO plugin. -->","yoast_head_json":{"title":"Par mums | R\u0113\u0137ini 123","description":"\"Iepaz\u012bsties ar R\u0113\u0137ini123 \u2013 inovat\u012bvi gr\u0101matved\u012bbas un r\u0113\u0137inu izrakst\u012b\u0161anas risin\u0101jumi fr\u012blanseriem un maziem uz\u0146\u0113mumiem. Vienk\u0101r\u0161ojam uz\u0146\u0113m\u0113jdarb\u012bbas procesu ar \u0113rtu un efekt\u012bvu programmat\u016bru kop\u0161 2015. gada.\"","robots":{"index":"noindex","follow":"follow","max-snippet":"max-snippet:-1","max-image-preview":"max-image-preview:large","max-video-preview":"max-video-preview:-1"},"og_locale":"lt_LT","og_type":"article","og_title":"Par mums | R\u0113\u0137ini 123","og_description":"\"Iepaz\u012bsties ar R\u0113\u0137ini123 \u2013 inovat\u012bvi gr\u0101matved\u012bbas un r\u0113\u0137inu izrakst\u012b\u0161anas risin\u0101jumi fr\u012blanseriem un maziem uz\u0146\u0113mumiem. Vienk\u0101r\u0161ojam uz\u0146\u0113m\u0113jdarb\u012bbas procesu ar \u0113rtu un efekt\u012bvu programmat\u016bru kop\u0161 2015. gada.\"","og_url":"https:\/\/rekini123.lv\/app\/par-mums\/","og_site_name":"R\u0113\u0137ini 123","article_modified_time":"2024-08-01T08:20:09+00:00","twitter_card":"summary_large_image","twitter_misc":{"Est. reading time":"1 minut\u0117"},"schema":{"@context":"https:\/\/schema.org","@graph":[{"@type":"WebPage","@id":"https:\/\/rekini123.lv\/app\/par-mums\/","url":"https:\/\/rekini123.lv\/app\/par-mums\/","name":"Par mums | R\u0113\u0137ini 123","isPartOf":{"@id":"https:\/\/rekini123.lv\/app\/#website"},"datePublished":"2023-01-16T13:29:06+00:00","dateModified":"2024-08-01T08:20:09+00:00","description":"\"Iepaz\u012bsties ar R\u0113\u0137ini123 \u2013 inovat\u012bvi gr\u0101matved\u012bbas un r\u0113\u0137inu izrakst\u012b\u0161anas risin\u0101jumi fr\u012blanseriem un maziem uz\u0146\u0113mumiem. Vienk\u0101r\u0161ojam uz\u0146\u0113m\u0113jdarb\u012bbas procesu ar \u0113rtu un efekt\u012bvu programmat\u016bru kop\u0161 2015. gada.\"","breadcrumb":{"@id":"https:\/\/rekini123.lv\/app\/par-mums\/#breadcrumb"},"inLanguage":"lt-LT","potentialAction":[{"@type":"ReadAction","target":["https:\/\/rekini123.lv\/app\/par-mums\/"]}]},{"@type":"BreadcrumbList","@id":"https:\/\/rekini123.lv\/app\/par-mums\/#breadcrumb","itemListElement":[{"@type":"ListItem","position":1,"name":"Home","item":"https:\/\/rekini123.lv\/app\/"},{"@type":"ListItem","position":2,"name":"Par mums"}]},{"@type":"WebSite","@id":"https:\/\/rekini123.lv\/app\/#website","url":"https:\/\/rekini123.lv\/app\/","name":"R\u0113\u0137ini 123","description":"","potentialAction":[{"@type":"SearchAction","target":{"@type":"EntryPoint","urlTemplate":"https:\/\/rekini123.lv\/app\/?s={search_term_string}"},"query-input":{"@type":"PropertyValueSpecification","valueRequired":true,"valueName":"search_term_string"}}],"inLanguage":"lt-LT"}]}},"_links":{"self":[{"href":"https:\/\/rekini123.lv\/app\/wp-json\/wp\/v2\/pages\/157","targetHints":{"allow":["GET"]}}],"collection":[{"href":"https:\/\/rekini123.lv\/app\/wp-json\/wp\/v2\/pages"}],"about":[{"href":"https:\/\/rekini123.lv\/app\/wp-json\/wp\/v2\/types\/page"}],"author":[{"embeddable":true,"href":"https:\/\/rekini123.lv\/app\/wp-json\/wp\/v2\/users\/1"}],"replies":[{"embeddable":true,"href":"https:\/\/rekini123.lv\/app\/wp-json\/wp\/v2\/comments?post=157"}],"version-history":[{"count":82,"href":"https:\/\/rekini123.lv\/app\/wp-json\/wp\/v2\/pages\/157\/revisions"}],"predecessor-version":[{"id":4162,"href":"https:\/\/rekini123.lv\/app\/wp-json\/wp\/v2\/pages\/157\/revisions\/4162"}],"wp:attachment":[{"href":"https:\/\/rekini123.lv\/app\/wp-json\/wp\/v2\/media?parent=157"}],"curies":[{"name":"wp","href":"https:\/\/api.w.org\/{rel}","templated":true}]}}